{"id":542,"date":"2021-02-05T12:14:24","date_gmt":"2021-02-05T12:14:24","guid":{"rendered":"https:\/\/aserauto.com\/politica-de-privacidad\/"},"modified":"2023-07-27T13:42:06","modified_gmt":"2023-07-27T11:42:06","slug":"politica-de-privacidad","status":"publish","type":"page","link":"https:\/\/autodriveservices.com\/pt-pt\/politica-de-privacidad\/","title":{"rendered":"Pol\u00edtica de Privacidade"},"content":{"rendered":"<h1><strong>Pol\u00edtica de Privacidade<\/strong><\/h1>\n<p>Os dados pessoais voluntariamente confiados atrav\u00e9s dos meios dispon\u00edveis aos clientes\/utilizadores s\u00e3o entendidos como expressos, precisos e inequ\u00edvocos. O cliente\/utilizador autoriza o seu processamento para as finalidades indicadas. Os dados pessoais fornecidos s\u00e3o muito importantes para n\u00f3s, por isso queremos inform\u00e1-lo sobre a pol\u00edtica de privacidade da AUTODRIVE.<\/p>\n<p>Os dados pessoais fornecidos dos quais o cliente\/usu\u00e1rio \u00e9 o propriet\u00e1rio ou representante legal, est\u00e3o incorporados na nossa base de dados de gest\u00e3o informatizada ou ficheiro em papel. No momento da grava\u00e7\u00e3o destes dados, a AUTODRIVE \u00e9 respons\u00e1vel por estes e, por isso, aplicamos todos os meios \u00e0 nossa disposi\u00e7\u00e3o para os tratar com a m\u00e1xima confidencialidade, impedir a sua perda, utiliza\u00e7\u00e3o indevida, altera\u00e7\u00e3o ou acesso n\u00e3o autorizado. As finalidades para as quais utilizamos os dados pessoais, para al\u00e9m dos regulamentos legais que afetam a nossa atividade, s\u00e3o tarefas administrativas e de gest\u00e3o, para o cumprimento e fornecimento efetivo dos produtos e servi\u00e7os solicitados. Tamb\u00e9m realizamos controlos de qualidade sobre estes de forma a garantir sempre o melhor tratamento profissional. Podem tamb\u00e9m ser utilizados para o envio de informa\u00e7\u00f5es sobre produtos e servi\u00e7os que a AUTODRIVE possa oferecer e sejam de interesse. A informa\u00e7\u00e3o \u00e9 dirigida ao pessoal t\u00e9cnico e profissional da entidade. A AUTODRIVE tem a colabora\u00e7\u00e3o dos melhores profissionais nas respetivas especialidades, pelo que, se necess\u00e1rio, teremos de comunicar dados para prestar o servi\u00e7o solicitado. A AUTODRIVE n\u00e3o vende, atribui ou transmite de forma alguma informa\u00e7\u00e3o ou dados pessoais dos seus clientes\/usu\u00e1rios a terceiros, com exce\u00e7\u00e3o das comunica\u00e7\u00f5es previstas na lei para a presta\u00e7\u00e3o dos servi\u00e7os solicitados e apenas se necess\u00e1rio aos profissionais que prestam servi\u00e7os colaborativos nos termos estabelecidos pela legisla\u00e7\u00e3o em vigor em mat\u00e9ria de prote\u00e7\u00e3o de dados.<\/p>\n<p>Para poder oferecer o melhor servi\u00e7o, a AUTODRIVE necessita que os dados fornecidos se adaptem \u00e0 realidade, estejam atualizados e, se especificados como essenciais, sejam conclu\u00eddos. Caso contr\u00e1rio, a AUTODRIVE n\u00e3o poder\u00e1 prestar o servi\u00e7o ou informa\u00e7\u00e3o solicitado. No caso dos menores, ser\u00e1 necess\u00e1ria autoriza\u00e7\u00e3o pr\u00e9via dos pais ou representantes legais para a realiza\u00e7\u00e3o do tratamento dos dados pessoais fornecidos.<\/p>\n<p>O cliente\/usu\u00e1rio autoriza o tratamento dos seus dados pessoais, bem como a sua comunica\u00e7\u00e3o a ag\u00eancias externas, profissionais e rede de oficinas associadas que prestam servi\u00e7os de colabora\u00e7\u00e3o \u00e0 AUTODRIVE exclusivamente para as finalidades acima estabelecidas. No caso dos Curr\u00edculos recebidos, informamos que o tratamento dos mesmos se destina a prosseguir com a sele\u00e7\u00e3o de candidatos para preencher postos de trabalho nesta empresa. A consequ\u00eancia da obten\u00e7\u00e3o dos dados pessoais comunicados ser\u00e1 a participa\u00e7\u00e3o nos processos de sele\u00e7\u00e3o que realiza para preencher postos de trabalho da pr\u00f3pria empresa ou em futuros processos de sele\u00e7\u00e3o de cargos que se enquadrem no perfil profissional do candidato, a menos que manifeste o seu desejo de que os seus dados n\u00e3o sejam mantidos para este \u00faltimo fim, caso em que a empresa proceder\u00e1 \u00e0 sua anula\u00e7\u00e3o de acordo com o seu pedido.<\/p>\n<p>Em todo o caso, o cliente\/usu\u00e1rio poder\u00e1 aceder, sempre que desejar, \u00e0 informa\u00e7\u00e3o que lhe diz respeito, podendo corrigi-la e, se for seu desejo, a cancelar, nos termos estabelecidos pela legisla\u00e7\u00e3o em vigor sobre a prote\u00e7\u00e3o de dados pessoais. A AUTODRIVE n\u00e3o utiliza cookies no site que permitam a recolha de dados pessoais sem o consentimento do cliente\/usu\u00e1rio. A utiliza\u00e7\u00e3o de cookies no site destina-se a acelerar o uso do mesmo e a elabora\u00e7\u00e3o de estat\u00edsticas de acesso. O cliente\/usu\u00e1rio tem, se desejar, ferramentas de controlo de cookies no seu navegador para limitar ou impedir a sua instala\u00e7\u00e3o no disco r\u00edgido.<\/p>\n<p>Se quiser receber mais informa\u00e7\u00f5es sobre a nossa pol\u00edtica de privacidade, pode faz\u00ea-lo atrav\u00e9s do endere\u00e7o de e-mail:\u00a0<a href=\"mailto:central@aserautomotive.com\">central@aserautomotive.com<\/a>.<\/p>\n","protected":false},"excerpt":{"rendered":"<p>Pol\u00edtica de Privacidade Os dados pessoais voluntariamente confiados atrav\u00e9s dos meios dispon\u00edveis aos clientes\/utilizadores s\u00e3o entendidos como expressos, precisos e [&hellip;]<\/p>\n","protected":false},"author":1,"featured_media":0,"parent":0,"menu_order":0,"comment_status":"closed","ping_status":"closed","template":"page-templates\/full-width.php","meta":{"footnotes":""},"class_list":["post-542","page","type-page","status-publish","hentry"],"yoast_head":"<!-- This site is optimized with the Yoast SEO plugin v27.4 - https:\/\/yoast.com\/product\/yoast-seo-wordpress\/ -->\n<title>Pol\u00edtica de Privacidade - Autodrive<\/title>\n<meta name=\"robots\" content=\"index, follow, max-snippet:-1, max-image-preview:large, max-video-preview:-1\" \/>\n<link rel=\"canonical\" href=\"https:\/\/autodriveservices.com\/pt-pt\/politica-de-privacidad\/\" \/>\n<meta property=\"og:locale\" content=\"pt_PT\" \/>\n<meta property=\"og:type\" content=\"article\" \/>\n<meta property=\"og:title\" content=\"Pol\u00edtica de Privacidade - Autodrive\" \/>\n<meta property=\"og:description\" content=\"Pol\u00edtica de Privacidade Os dados pessoais voluntariamente confiados atrav\u00e9s dos meios dispon\u00edveis aos clientes\/utilizadores s\u00e3o entendidos como expressos, precisos e [&hellip;]\" \/>\n<meta property=\"og:url\" content=\"https:\/\/autodriveservices.com\/politica-de-privacidad\/\" \/>\n<meta property=\"og:site_name\" content=\"Autodrive\" \/>\n<meta property=\"article:modified_time\" content=\"2023-07-27T11:42:06+00:00\" \/>\n<meta name=\"twitter:card\" content=\"summary_large_image\" \/>\n<meta name=\"twitter:label1\" content=\"Tempo estimado de leitura\" \/>\n\t<meta name=\"twitter:data1\" content=\"3 minutos\" \/>\n<script type=\"application\/ld+json\" class=\"yoast-schema-graph\">{\"@context\":\"https:\\\/\\\/schema.org\",\"@graph\":[{\"@type\":\"WebPage\",\"@id\":\"https:\\\/\\\/autodriveservices.com\\\/politica-de-privacidad\\\/\",\"url\":\"https:\\\/\\\/autodriveservices.com\\\/politica-de-privacidad\\\/\",\"name\":\"Pol\u00edtica de Privacidade - Autodrive\",\"isPartOf\":{\"@id\":\"https:\\\/\\\/autodriveservices.com\\\/#website\"},\"datePublished\":\"2021-02-05T12:14:24+00:00\",\"dateModified\":\"2023-07-27T11:42:06+00:00\",\"breadcrumb\":{\"@id\":\"https:\\\/\\\/autodriveservices.com\\\/politica-de-privacidad\\\/#breadcrumb\"},\"inLanguage\":\"pt-PT\",\"potentialAction\":[{\"@type\":\"ReadAction\",\"target\":[\"https:\\\/\\\/autodriveservices.com\\\/politica-de-privacidad\\\/\"]}]},{\"@type\":\"BreadcrumbList\",\"@id\":\"https:\\\/\\\/autodriveservices.com\\\/politica-de-privacidad\\\/#breadcrumb\",\"itemListElement\":[{\"@type\":\"ListItem\",\"position\":1,\"name\":\"Portada\",\"item\":\"https:\\\/\\\/autodriveservices.com\\\/pt-pt\\\/\"},{\"@type\":\"ListItem\",\"position\":2,\"name\":\"Pol\u00edtica de Privacidade\"}]},{\"@type\":\"WebSite\",\"@id\":\"https:\\\/\\\/autodriveservices.com\\\/#website\",\"url\":\"https:\\\/\\\/autodriveservices.com\\\/\",\"name\":\"Autodrive\",\"description\":\"Red de talleres\",\"publisher\":{\"@id\":\"https:\\\/\\\/autodriveservices.com\\\/#organization\"},\"potentialAction\":[{\"@type\":\"SearchAction\",\"target\":{\"@type\":\"EntryPoint\",\"urlTemplate\":\"https:\\\/\\\/autodriveservices.com\\\/?s={search_term_string}\"},\"query-input\":{\"@type\":\"PropertyValueSpecification\",\"valueRequired\":true,\"valueName\":\"search_term_string\"}}],\"inLanguage\":\"pt-PT\"},{\"@type\":\"Organization\",\"@id\":\"https:\\\/\\\/autodriveservices.com\\\/#organization\",\"name\":\"Autodrive\",\"url\":\"https:\\\/\\\/autodriveservices.com\\\/\",\"logo\":{\"@type\":\"ImageObject\",\"inLanguage\":\"pt-PT\",\"@id\":\"https:\\\/\\\/autodriveservices.com\\\/#\\\/schema\\\/logo\\\/image\\\/\",\"url\":\"https:\\\/\\\/autodriveservices.com\\\/wp-content\\\/uploads\\\/2023\\\/05\\\/logo.png\",\"contentUrl\":\"https:\\\/\\\/autodriveservices.com\\\/wp-content\\\/uploads\\\/2023\\\/05\\\/logo.png\",\"width\":400,\"height\":193,\"caption\":\"Autodrive\"},\"image\":{\"@id\":\"https:\\\/\\\/autodriveservices.com\\\/#\\\/schema\\\/logo\\\/image\\\/\"}}]}<\/script>\n<!-- \/ Yoast SEO plugin. -->","yoast_head_json":{"title":"Pol\u00edtica de Privacidade - Autodrive","robots":{"index":"index","follow":"follow","max-snippet":"max-snippet:-1","max-image-preview":"max-image-preview:large","max-video-preview":"max-video-preview:-1"},"canonical":"https:\/\/autodriveservices.com\/pt-pt\/politica-de-privacidad\/","og_locale":"pt_PT","og_type":"article","og_title":"Pol\u00edtica de Privacidade - Autodrive","og_description":"Pol\u00edtica de Privacidade Os dados pessoais voluntariamente confiados atrav\u00e9s dos meios dispon\u00edveis aos clientes\/utilizadores s\u00e3o entendidos como expressos, precisos e [&hellip;]","og_url":"https:\/\/autodriveservices.com\/politica-de-privacidad\/","og_site_name":"Autodrive","article_modified_time":"2023-07-27T11:42:06+00:00","twitter_card":"summary_large_image","twitter_misc":{"Tempo estimado de leitura":"3 minutos"},"schema":{"@context":"https:\/\/schema.org","@graph":[{"@type":"WebPage","@id":"https:\/\/autodriveservices.com\/politica-de-privacidad\/","url":"https:\/\/autodriveservices.com\/politica-de-privacidad\/","name":"Pol\u00edtica de Privacidade - Autodrive","isPartOf":{"@id":"https:\/\/autodriveservices.com\/#website"},"datePublished":"2021-02-05T12:14:24+00:00","dateModified":"2023-07-27T11:42:06+00:00","breadcrumb":{"@id":"https:\/\/autodriveservices.com\/politica-de-privacidad\/#breadcrumb"},"inLanguage":"pt-PT","potentialAction":[{"@type":"ReadAction","target":["https:\/\/autodriveservices.com\/politica-de-privacidad\/"]}]},{"@type":"BreadcrumbList","@id":"https:\/\/autodriveservices.com\/politica-de-privacidad\/#breadcrumb","itemListElement":[{"@type":"ListItem","position":1,"name":"Portada","item":"https:\/\/autodriveservices.com\/pt-pt\/"},{"@type":"ListItem","position":2,"name":"Pol\u00edtica de Privacidade"}]},{"@type":"WebSite","@id":"https:\/\/autodriveservices.com\/#website","url":"https:\/\/autodriveservices.com\/","name":"Autodrive","description":"Red de talleres","publisher":{"@id":"https:\/\/autodriveservices.com\/#organization"},"potentialAction":[{"@type":"SearchAction","target":{"@type":"EntryPoint","urlTemplate":"https:\/\/autodriveservices.com\/?s={search_term_string}"},"query-input":{"@type":"PropertyValueSpecification","valueRequired":true,"valueName":"search_term_string"}}],"inLanguage":"pt-PT"},{"@type":"Organization","@id":"https:\/\/autodriveservices.com\/#organization","name":"Autodrive","url":"https:\/\/autodriveservices.com\/","logo":{"@type":"ImageObject","inLanguage":"pt-PT","@id":"https:\/\/autodriveservices.com\/#\/schema\/logo\/image\/","url":"https:\/\/autodriveservices.com\/wp-content\/uploads\/2023\/05\/logo.png","contentUrl":"https:\/\/autodriveservices.com\/wp-content\/uploads\/2023\/05\/logo.png","width":400,"height":193,"caption":"Autodrive"},"image":{"@id":"https:\/\/autodriveservices.com\/#\/schema\/logo\/image\/"}}]}},"_links":{"self":[{"href":"https:\/\/autodriveservices.com\/pt-pt\/wp-json\/wp\/v2\/pages\/542","targetHints":{"allow":["GET"]}}],"collection":[{"href":"https:\/\/autodriveservices.com\/pt-pt\/wp-json\/wp\/v2\/pages"}],"about":[{"href":"https:\/\/autodriveservices.com\/pt-pt\/wp-json\/wp\/v2\/types\/page"}],"author":[{"embeddable":true,"href":"https:\/\/autodriveservices.com\/pt-pt\/wp-json\/wp\/v2\/users\/1"}],"replies":[{"embeddable":true,"href":"https:\/\/autodriveservices.com\/pt-pt\/wp-json\/wp\/v2\/comments?post=542"}],"version-history":[{"count":0,"href":"https:\/\/autodriveservices.com\/pt-pt\/wp-json\/wp\/v2\/pages\/542\/revisions"}],"wp:attachment":[{"href":"https:\/\/autodriveservices.com\/pt-pt\/wp-json\/wp\/v2\/media?parent=542"}],"curies":[{"name":"wp","href":"https:\/\/api.w.org\/{rel}","templated":true}]}}