{"id":534,"date":"2021-02-05T11:51:20","date_gmt":"2021-02-05T11:51:20","guid":{"rendered":"https:\/\/aserauto.com\/aviso-legal\/"},"modified":"2023-07-27T13:40:00","modified_gmt":"2023-07-27T11:40:00","slug":"aviso-legal","status":"publish","type":"page","link":"https:\/\/autodriveservices.com\/pt-pt\/aviso-legal\/","title":{"rendered":"Aviso Legal"},"content":{"rendered":"<h1><strong>Aviso Legal<\/strong><\/h1>\n<p><strong>Titular<\/strong><\/p>\n<p>ASER, S.A. CIF\/NIF: A-87.521.779, opera sob a marca comercial \u201cAUTODRIVE\u201d (daqui em diante designada AUTODRIVE). \u00c9 titular do dom\u00ednio www.autodriveservices.com. Tem sede em c\/Agosto 6 ofic 8, 28022 Madrid. Pode ser contactada pelos contactos telef\u00f3nicos +34 913 088 103 +34916 293\u00a0655, fax 34 913 088 108 ou e-mail: central@aserautomotive.com<\/p>\n<p><strong>\u00a0<\/strong><\/p>\n<p><strong>Objeto<\/strong><\/p>\n<p>Estas s\u00e3o as condi\u00e7\u00f5es gerais e, quando necess\u00e1rio, espec\u00edficas, que regulam o acesso e utiliza\u00e7\u00e3o do site AUTODRIVE.<\/p>\n<p>Este site est\u00e1 desenhado de forma a dar a conhecer e colocar \u00e0 disposi\u00e7\u00e3o do p\u00fablico (de ora em diante designado usu\u00e1rio) que aceda ao dom\u00ednio www.autodriveservices.com (de ora em diante designado site), informa\u00e7\u00e3o, dados, produtos e servi\u00e7os (de ora em diante designados conte\u00fados).<\/p>\n<p><strong>\u00a0<\/strong><\/p>\n<p><strong>Acesso<\/strong><\/p>\n<p>A pessoa que acede ao site adquire a condi\u00e7\u00e3o de usu\u00e1rio do mesmo. Tal implica o conhecimento e aceita\u00e7\u00e3o das condi\u00e7\u00f5es gerais e, caso necess\u00e1rio, espec\u00edficas, que regulam o acesso e utiliza\u00e7\u00e3o deste mesmo site. Recomendamos a consulta peri\u00f3dica das condi\u00e7\u00f5es de utiliza\u00e7\u00e3o do site para conhecer as altera\u00e7\u00f5es, modifica\u00e7\u00f5es ou atualiza\u00e7\u00f5es que se possam verificar.<\/p>\n<p>O site inclui textos, gr\u00e1ficos, imagens, v\u00eddeos, sons, desenhos, fotografias e softwares nele inclu\u00eddos, podendo estar ou n\u00e3o sujeitos \u00e0 propriedade intelectual. O acesso ao site \u00e9 gratuito, n\u00e3o estando sujeito a autoriza\u00e7\u00e3o pr\u00e9via, subscri\u00e7\u00e3o ou registo, exceto para os conte\u00fados e servi\u00e7os espec\u00edficos e que a subscri\u00e7\u00e3o ou o registo do usu\u00e1rio seja necess\u00e1rio e a\u00ed ser\u00e3o determinadas as condi\u00e7\u00f5es gerais ou espec\u00edficas.<\/p>\n<p>A AUTODRIVE pode limitar o acesso a \u00e1reas espec\u00edficas do site. Nesse caso, \u00e9 necess\u00e1rio o registo dos dados de identifica\u00e7\u00e3o do usu\u00e1rio (veja Pol\u00edtica de Privacidade). Uma vez fornecidos os dados necess\u00e1rios, ser\u00e1 poss\u00edvel o acesso atrav\u00e9s do nome de usu\u00e1rio e senha. O nome de usu\u00e1rio e senha de acesso \u00e9 facultada ou escolhida pelo pr\u00f3prio e tem car\u00e1cter pessoa e intransmiss\u00edvel. O usu\u00e1rio compromete-se a utilizar os seus dados de acesso de forma diligente, n\u00e3o os podendo facultar a terceiros. Em caso de perda, esquecimento ou suspeita de utiliza\u00e7\u00e3o n\u00e3o autorizada, dever\u00e1 entrar em contacto, com a maior brevidade poss\u00edvel, com a AUTODRIVE.<\/p>\n<p>O servi\u00e7o prestado pela AUTODRIVE atrav\u00e9s do seu site \u00e9 por tempo indeterminado. AUTODRIVE est\u00e1 comprometida em manter a qualidade e precis\u00e3o dos conte\u00fados do site, na medida do poss\u00edvel. N\u00e3o obstante, tal n\u00e3o implica qualquer obriga\u00e7\u00e3o relativamente \u00e0 qualidade e precis\u00e3o dos conte\u00fados ou rapidez de acesso por parte do titular do site. O titular do site reserva-se o direito de modificar ou atualizar as condi\u00e7\u00f5es de acesso, ou de suspender o acesso ao site, ou parte deste, sem aviso pr\u00e9vio. Os usu\u00e1rios comprometem-se a n\u00e3o aceder ao site e aos seus conte\u00fados de forma contr\u00e1ria ao estabelecido e\/ou para fins il\u00edcitos, que lesem os direitos e liberdades de terceiros, ou que possam danificar, deteriorar, saturar ou abrandar o site, com preju\u00edzo para o titular ou outros usu\u00e1rios do site.<\/p>\n<p><strong>\u00a0<\/strong><\/p>\n<p><strong>Conte\u00fados<\/strong><\/p>\n<p>O acesso aos conte\u00fados do site por parte do usu\u00e1rio ser\u00e1 da sua inteira responsabilidade, n\u00e3o podendo ser atribu\u00edda qualquer ao titular do site quaisquer consequ\u00eancias negativas decorrentes, direta ou indiretamente, do acesso ao site, seja de \u00e2mbito f\u00edsico, l\u00f3gico, moral ou pessoal.<\/p>\n<p>Os conte\u00fados do site t\u00eam como finalidade informar e dar a conhecer os produtos e servi\u00e7os prestados pela AUTODRIVE e t\u00eam car\u00e1cter geral e orientador. A AUTODRIVE poder\u00e1 modificar os conte\u00fados, assim como apagar ou mud\u00e1-los dentro do site ou da forma como podem ser acedidos, com objetivo de melhorar a qualidade dos mesmos, ou corrigir erros, procurando minimizar eventuais consequ\u00eancias negativas que estas altera\u00e7\u00f5es possam causar nos usu\u00e1rios.<\/p>\n<p>A AUTODRIVE \u00e9 titular dos direitos de propriedade industrial e intelectual do site, assim como dos seus conte\u00fados. A t\u00edtulo de exemplo, consideram-se inclu\u00eddas as informa\u00e7\u00f5es, mensagens, gr\u00e1ficos, ficheiros de som e imagem, fotografias, grava\u00e7\u00f5es, programas de computador, bases de dados, tecnologia know-how, marcas registadas, sinais distintivos, log\u00f3tipos e, em geral, qualquer tipo de cria\u00e7\u00e3o ou material acess\u00edvel a partir do site que \u00e9 sua propriedade, assim como o pr\u00f3prio site.<\/p>\n<p>No site tamb\u00e9m podem estar acess\u00edveis conte\u00fados, servi\u00e7os e informa\u00e7\u00e3o propriedade de terceiros, cujos direitos se encontram igualmente protegidos pela legisla\u00e7\u00e3o vigente em mat\u00e9ria de propriedade industrial e intelectual.<\/p>\n<p>Qualquer utiliza\u00e7\u00e3o do site e dos seus conte\u00fados dever\u00e1 ter um car\u00e1cter exclusivamente particular. Est\u00e1 reservado \u00e0 AUTODRIVE qualquer outro uso que implique a c\u00f3pia, reprodu\u00e7\u00e3o, distribui\u00e7\u00e3o, transforma\u00e7\u00e3o, comunica\u00e7\u00e3o p\u00fablica ou qualquer outra a\u00e7\u00e3o similar, de todo ou parte dos conte\u00fados do site, assim como do mesmo, pelo que nenhum usu\u00e1rio poder\u00e1 realizar estas a\u00e7\u00f5es para outros fins sem a autoriza\u00e7\u00e3o pr\u00e9via por escrito da AUTODRIVE.<\/p>\n<p>N\u00e3o \u00e9 permitida a utiliza\u00e7\u00e3o dos conte\u00fados do site para promover, contratar ou divulgar publicidade ou informa\u00e7\u00e3o de terceiros sem autoriza\u00e7\u00e3o da AUTODRIVE, ou enviar publicidade ou informa\u00e7\u00e3o utilizando as informa\u00e7\u00f5es dos servi\u00e7os que s\u00e3o disponibilizados aos utilizadores, independentemente de a utiliza\u00e7\u00e3o ser gratuita ou n\u00e3o.<\/p>\n<p>Os links e hiperliga\u00e7\u00f5es incorporados por terceiros nos seus sites, direcionados ao site AUTODRIVE ser\u00e3o para abertura de todo o site e da p\u00e1gina inicial, n\u00e3o podendo manifestar, direta ou indiretamente, indica\u00e7\u00f5es falsas ou confusas, nem incorrer em a\u00e7\u00f5es injustas ou il\u00edcitas contra a AUTODRIVE. A AUTODRIVE exerce mecanismos de controlo sobre a qualidade dos links incorporados no site, no entanto n\u00e3o pode ser responsabilizada pela fiabilidade e rapidez dos mesmo, n\u00e3o garante a utilidade desses links, nem dos conte\u00fados ou servi\u00e7os a que o usu\u00e1rio poder\u00e1 aceder atrav\u00e9s destas liga\u00e7\u00f5es, nem o bom funcionamento de sites de terceiros.<\/p>\n<p><strong>\u00a0<\/strong><\/p>\n<p><strong>Jurisdi\u00e7\u00e3o<\/strong><\/p>\n<p>Qualquer lit\u00edgio que possa resultar da utiliza\u00e7\u00e3o do site ou dos conte\u00fados sujeitos a estas condi\u00e7\u00f5es, as submetem-se, com ren\u00fancia expressa a qualquer outro f\u00f3rum, aos Tribunais da Biscaia.<\/p>\n","protected":false},"excerpt":{"rendered":"<p>Aviso Legal Titular ASER, S.A. CIF\/NIF: A-87.521.779, opera sob a marca comercial \u201cAUTODRIVE\u201d (daqui em diante designada AUTODRIVE). \u00c9 titular [&hellip;]<\/p>\n","protected":false},"author":1,"featured_media":0,"parent":0,"menu_order":0,"comment_status":"closed","ping_status":"closed","template":"page-templates\/full-width.php","meta":{"footnotes":""},"class_list":["post-534","page","type-page","status-publish","hentry"],"yoast_head":"<!-- This site is optimized with the Yoast SEO plugin v27.2 - https:\/\/yoast.com\/product\/yoast-seo-wordpress\/ -->\n<title>Aviso Legal - Autodrive<\/title>\n<meta name=\"robots\" content=\"index, follow, max-snippet:-1, max-image-preview:large, max-video-preview:-1\" \/>\n<link rel=\"canonical\" href=\"https:\/\/autodriveservices.com\/pt-pt\/aviso-legal\/\" \/>\n<meta property=\"og:locale\" content=\"pt_PT\" \/>\n<meta property=\"og:type\" content=\"article\" \/>\n<meta property=\"og:title\" content=\"Aviso Legal - Autodrive\" \/>\n<meta property=\"og:description\" content=\"Aviso Legal Titular ASER, S.A. CIF\/NIF: A-87.521.779, opera sob a marca comercial \u201cAUTODRIVE\u201d (daqui em diante designada AUTODRIVE). \u00c9 titular [&hellip;]\" \/>\n<meta property=\"og:url\" content=\"https:\/\/autodriveservices.com\/aviso-legal\/\" \/>\n<meta property=\"og:site_name\" content=\"Autodrive\" \/>\n<meta property=\"article:modified_time\" content=\"2023-07-27T11:40:00+00:00\" \/>\n<meta name=\"twitter:card\" content=\"summary_large_image\" \/>\n<meta name=\"twitter:label1\" content=\"Tempo estimado de leitura\" \/>\n\t<meta name=\"twitter:data1\" content=\"5 minutos\" \/>\n<script type=\"application\/ld+json\" class=\"yoast-schema-graph\">{\"@context\":\"https:\/\/schema.org\",\"@graph\":[{\"@type\":\"WebPage\",\"@id\":\"https:\/\/autodriveservices.com\/aviso-legal\/\",\"url\":\"https:\/\/autodriveservices.com\/aviso-legal\/\",\"name\":\"Aviso Legal - Autodrive\",\"isPartOf\":{\"@id\":\"https:\/\/autodriveservices.com\/#website\"},\"datePublished\":\"2021-02-05T11:51:20+00:00\",\"dateModified\":\"2023-07-27T11:40:00+00:00\",\"breadcrumb\":{\"@id\":\"https:\/\/autodriveservices.com\/aviso-legal\/#breadcrumb\"},\"inLanguage\":\"pt-PT\",\"potentialAction\":[{\"@type\":\"ReadAction\",\"target\":[\"https:\/\/autodriveservices.com\/aviso-legal\/\"]}]},{\"@type\":\"BreadcrumbList\",\"@id\":\"https:\/\/autodriveservices.com\/aviso-legal\/#breadcrumb\",\"itemListElement\":[{\"@type\":\"ListItem\",\"position\":1,\"name\":\"Portada\",\"item\":\"https:\/\/autodriveservices.com\/pt-pt\/\"},{\"@type\":\"ListItem\",\"position\":2,\"name\":\"Aviso Legal\"}]},{\"@type\":\"WebSite\",\"@id\":\"https:\/\/autodriveservices.com\/#website\",\"url\":\"https:\/\/autodriveservices.com\/\",\"name\":\"Autodrive\",\"description\":\"Red de talleres\",\"publisher\":{\"@id\":\"https:\/\/autodriveservices.com\/#organization\"},\"potentialAction\":[{\"@type\":\"SearchAction\",\"target\":{\"@type\":\"EntryPoint\",\"urlTemplate\":\"https:\/\/autodriveservices.com\/?s={search_term_string}\"},\"query-input\":{\"@type\":\"PropertyValueSpecification\",\"valueRequired\":true,\"valueName\":\"search_term_string\"}}],\"inLanguage\":\"pt-PT\"},{\"@type\":\"Organization\",\"@id\":\"https:\/\/autodriveservices.com\/#organization\",\"name\":\"Autodrive\",\"url\":\"https:\/\/autodriveservices.com\/\",\"logo\":{\"@type\":\"ImageObject\",\"inLanguage\":\"pt-PT\",\"@id\":\"https:\/\/autodriveservices.com\/#\/schema\/logo\/image\/\",\"url\":\"https:\/\/autodriveservices.com\/wp-content\/uploads\/2023\/05\/logo.png\",\"contentUrl\":\"https:\/\/autodriveservices.com\/wp-content\/uploads\/2023\/05\/logo.png\",\"width\":400,\"height\":193,\"caption\":\"Autodrive\"},\"image\":{\"@id\":\"https:\/\/autodriveservices.com\/#\/schema\/logo\/image\/\"}}]}<\/script>\n<!-- \/ Yoast SEO plugin. -->","yoast_head_json":{"title":"Aviso Legal - Autodrive","robots":{"index":"index","follow":"follow","max-snippet":"max-snippet:-1","max-image-preview":"max-image-preview:large","max-video-preview":"max-video-preview:-1"},"canonical":"https:\/\/autodriveservices.com\/pt-pt\/aviso-legal\/","og_locale":"pt_PT","og_type":"article","og_title":"Aviso Legal - Autodrive","og_description":"Aviso Legal Titular ASER, S.A. CIF\/NIF: A-87.521.779, opera sob a marca comercial \u201cAUTODRIVE\u201d (daqui em diante designada AUTODRIVE). \u00c9 titular [&hellip;]","og_url":"https:\/\/autodriveservices.com\/aviso-legal\/","og_site_name":"Autodrive","article_modified_time":"2023-07-27T11:40:00+00:00","twitter_card":"summary_large_image","twitter_misc":{"Tempo estimado de leitura":"5 minutos"},"schema":{"@context":"https:\/\/schema.org","@graph":[{"@type":"WebPage","@id":"https:\/\/autodriveservices.com\/aviso-legal\/","url":"https:\/\/autodriveservices.com\/aviso-legal\/","name":"Aviso Legal - Autodrive","isPartOf":{"@id":"https:\/\/autodriveservices.com\/#website"},"datePublished":"2021-02-05T11:51:20+00:00","dateModified":"2023-07-27T11:40:00+00:00","breadcrumb":{"@id":"https:\/\/autodriveservices.com\/aviso-legal\/#breadcrumb"},"inLanguage":"pt-PT","potentialAction":[{"@type":"ReadAction","target":["https:\/\/autodriveservices.com\/aviso-legal\/"]}]},{"@type":"BreadcrumbList","@id":"https:\/\/autodriveservices.com\/aviso-legal\/#breadcrumb","itemListElement":[{"@type":"ListItem","position":1,"name":"Portada","item":"https:\/\/autodriveservices.com\/pt-pt\/"},{"@type":"ListItem","position":2,"name":"Aviso Legal"}]},{"@type":"WebSite","@id":"https:\/\/autodriveservices.com\/#website","url":"https:\/\/autodriveservices.com\/","name":"Autodrive","description":"Red de talleres","publisher":{"@id":"https:\/\/autodriveservices.com\/#organization"},"potentialAction":[{"@type":"SearchAction","target":{"@type":"EntryPoint","urlTemplate":"https:\/\/autodriveservices.com\/?s={search_term_string}"},"query-input":{"@type":"PropertyValueSpecification","valueRequired":true,"valueName":"search_term_string"}}],"inLanguage":"pt-PT"},{"@type":"Organization","@id":"https:\/\/autodriveservices.com\/#organization","name":"Autodrive","url":"https:\/\/autodriveservices.com\/","logo":{"@type":"ImageObject","inLanguage":"pt-PT","@id":"https:\/\/autodriveservices.com\/#\/schema\/logo\/image\/","url":"https:\/\/autodriveservices.com\/wp-content\/uploads\/2023\/05\/logo.png","contentUrl":"https:\/\/autodriveservices.com\/wp-content\/uploads\/2023\/05\/logo.png","width":400,"height":193,"caption":"Autodrive"},"image":{"@id":"https:\/\/autodriveservices.com\/#\/schema\/logo\/image\/"}}]}},"_links":{"self":[{"href":"https:\/\/autodriveservices.com\/pt-pt\/wp-json\/wp\/v2\/pages\/534","targetHints":{"allow":["GET"]}}],"collection":[{"href":"https:\/\/autodriveservices.com\/pt-pt\/wp-json\/wp\/v2\/pages"}],"about":[{"href":"https:\/\/autodriveservices.com\/pt-pt\/wp-json\/wp\/v2\/types\/page"}],"author":[{"embeddable":true,"href":"https:\/\/autodriveservices.com\/pt-pt\/wp-json\/wp\/v2\/users\/1"}],"replies":[{"embeddable":true,"href":"https:\/\/autodriveservices.com\/pt-pt\/wp-json\/wp\/v2\/comments?post=534"}],"version-history":[{"count":0,"href":"https:\/\/autodriveservices.com\/pt-pt\/wp-json\/wp\/v2\/pages\/534\/revisions"}],"wp:attachment":[{"href":"https:\/\/autodriveservices.com\/pt-pt\/wp-json\/wp\/v2\/media?parent=534"}],"curies":[{"name":"wp","href":"https:\/\/api.w.org\/{rel}","templated":true}]}}