{"id":2101,"date":"2023-07-25T10:39:35","date_gmt":"2023-07-25T08:39:35","guid":{"rendered":"https:\/\/testdesarrollo.es\/aser\/quienes-somos\/"},"modified":"2024-08-29T10:52:30","modified_gmt":"2024-08-29T08:52:30","slug":"quem-somos","status":"publish","type":"page","link":"https:\/\/autodriveservices.com\/pt-pt\/quem-somos\/","title":{"rendered":"Quem somos"},"content":{"rendered":"<div id=\"pl-2101\"  class=\"panel-layout\" ><div id=\"pg-2101-0\"  class=\"panel-grid panel-has-style\" ><div class=\"siteorigin-panels-stretch panel-row-style panel-row-style-for-2101-0\" data-stretch-type=\"full\" ><div id=\"pgc-2101-0-0\"  class=\"panel-grid-cell\" ><div id=\"panel-2101-0-0-0\" class=\"widget_text so-panel widget widget_custom_html panel-first-child panel-last-child\" data-index=\"0\" ><div class=\"widget_text panel-widget-style panel-widget-style-for-2101-0-0-0\" ><div class=\"textwidget custom-html-widget\"><span class=\"title-banners\" style=\"text-shadow:rgb(0 0 0) 10px 10px 15px;\">Sobre n\u00f3s<\/span><\/div><\/div><\/div><\/div><\/div><\/div><div id=\"pg-2101-1\"  class=\"panel-grid panel-has-style\" ><div class=\"buscador siteorigin-panels-stretch panel-row-style panel-row-style-for-2101-1\" data-stretch-type=\"full\" ><div id=\"pgc-2101-1-0\"  class=\"panel-grid-cell\" ><div id=\"panel-2101-1-0-0\" class=\"widget_text so-panel widget widget_custom_html panel-first-child panel-last-child\" data-index=\"1\" ><div class=\"widget_text panel-widget-style panel-widget-style-for-2101-1-0-0\" ><div class=\"textwidget custom-html-widget\"><h2 class=\"title-qs\" style=\"margin-bottom:10px;\">Somos uma rede de oficinas multimarca especializada e qualificada. <\/h2>\n<h2 class=\"title-qs\">Oferecemos uma ampla gama de servi\u00e7os de manuten\u00e7\u00e3o e repara\u00e7\u00e3o, dispondo dos equipamentos e tecnologias essenciais para garantir um servi\u00e7o de qualidade e a satisfa\u00e7\u00e3o do cliente.<\/h2><\/div><\/div><\/div><\/div><div id=\"pgc-2101-1-1\"  class=\"panel-grid-cell\" ><div id=\"panel-2101-1-1-0\" class=\"so-panel widget widget_sow-image panel-first-child panel-last-child\" data-index=\"2\" ><div\n\t\t\t\n\t\t\tclass=\"so-widget-sow-image so-widget-sow-image-default-8b5b6f678277-2101\"\n\t\t\t\n\t\t>\n<div class=\"sow-image-container\">\n\t\t<img \n\tsrc=\"https:\/\/autodriveservices.com\/wp-content\/uploads\/2023\/07\/AutoDrive_Red-de-talleres-mecanicos-9-scaled.jpg\" width=\"2560\" height=\"1707\" srcset=\"https:\/\/autodriveservices.com\/wp-content\/uploads\/2023\/07\/AutoDrive_Red-de-talleres-mecanicos-9-scaled.jpg 2560w, https:\/\/autodriveservices.com\/wp-content\/uploads\/2023\/07\/AutoDrive_Red-de-talleres-mecanicos-9-300x200.jpg 300w, https:\/\/autodriveservices.com\/wp-content\/uploads\/2023\/07\/AutoDrive_Red-de-talleres-mecanicos-9-1024x683.jpg 1024w, https:\/\/autodriveservices.com\/wp-content\/uploads\/2023\/07\/AutoDrive_Red-de-talleres-mecanicos-9-768x512.jpg 768w, https:\/\/autodriveservices.com\/wp-content\/uploads\/2023\/07\/AutoDrive_Red-de-talleres-mecanicos-9-1536x1024.jpg 1536w, https:\/\/autodriveservices.com\/wp-content\/uploads\/2023\/07\/AutoDrive_Red-de-talleres-mecanicos-9-2048x1365.jpg 2048w, https:\/\/autodriveservices.com\/wp-content\/uploads\/2023\/07\/AutoDrive_Red-de-talleres-mecanicos-9-272x182.jpg 272w\" sizes=\"(max-width: 2560px) 100vw, 2560px\" title=\"Happy auto repairman communicating with young couple in a workshop.\" alt=\"Young happy couple talking to car mechanic in auto repair shop.\" \t\tclass=\"so-widget-image\"\/>\n\t<\/div>\n\n<\/div><\/div><\/div><\/div><\/div><div id=\"pg-2101-2\"  class=\"panel-grid panel-has-style\" ><div class=\"siteorigin-panels-stretch panel-row-style panel-row-style-for-2101-2\" data-stretch-type=\"full\" ><div id=\"pgc-2101-2-0\"  class=\"panel-grid-cell\" ><div id=\"panel-2101-2-0-0\" class=\"widget_text so-panel widget widget_custom_html panel-first-child panel-last-child\" data-index=\"3\" ><div class=\"textwidget custom-html-widget\"><h3 class=\"main-title-bta color1\" style=\"text-align:center;\">A sua seguran\u00e7a \u00e9 a nossa prioridade <\/h3>\n<div style=\"margin:0 auto;max-width:500px;\">\n\t<p style=\"text-align:center\">Oferecemos servi\u00e7os de qualidade e solu\u00e7\u00f5es de confian\u00e7a para a manuten\u00e7\u00e3o do seu ve\u00edculo. Evite riscos e circule com toda a tranquilidade e seguran\u00e7a.<\/p>\n<\/div>\n<\/div><\/div><\/div><\/div><\/div><div id=\"pg-2101-3\"  class=\"panel-grid panel-has-style\" ><div class=\"siteorigin-panels-stretch panel-row-style panel-row-style-for-2101-3\" data-stretch-type=\"full\" ><div id=\"pgc-2101-3-0\"  class=\"panel-grid-cell\" ><div id=\"panel-2101-3-0-0\" class=\"widget_text so-panel widget widget_custom_html panel-first-child panel-last-child\" data-index=\"4\" ><div class=\"textwidget custom-html-widget\"><h2 class=\"title-banners busca\">Encontre uma oficina perto de si com todos os servi\u00e7os de que o seu ve\u00edculo necessita.<\/h2>\n\t<h2 class=\"title-banners busca\">Solicite um or\u00e7amento online e confie na nossa equipa de profissionais. <\/h2>\n<\/div><\/div><\/div><\/div><\/div><\/div>","protected":false},"excerpt":{"rendered":"<p>Sobre n\u00f3sSomos uma rede de oficinas multimarca especializada e qualificada. Oferecemos uma ampla gama de servi\u00e7os de manuten\u00e7\u00e3o e repara\u00e7\u00e3o, [&hellip;]<\/p>\n","protected":false},"author":1,"featured_media":0,"parent":0,"menu_order":0,"comment_status":"closed","ping_status":"closed","template":"page-templates\/full-width.php","meta":{"footnotes":""},"class_list":["post-2101","page","type-page","status-publish","hentry"],"yoast_head":"<!-- This site is optimized with the Yoast SEO plugin v27.4 - https:\/\/yoast.com\/product\/yoast-seo-wordpress\/ -->\n<title>Quem somos - Autodrive<\/title>\n<meta name=\"robots\" content=\"index, follow, max-snippet:-1, max-image-preview:large, max-video-preview:-1\" \/>\n<link rel=\"canonical\" href=\"https:\/\/autodriveservices.com\/pt-pt\/quem-somos\/\" \/>\n<meta property=\"og:locale\" content=\"pt_PT\" \/>\n<meta property=\"og:type\" content=\"article\" \/>\n<meta property=\"og:title\" content=\"Quem somos - Autodrive\" \/>\n<meta property=\"og:description\" content=\"Sobre n\u00f3sSomos uma rede de oficinas multimarca especializada e qualificada. Oferecemos uma ampla gama de servi\u00e7os de manuten\u00e7\u00e3o e repara\u00e7\u00e3o, [&hellip;]\" \/>\n<meta property=\"og:url\" content=\"https:\/\/autodriveservices.com\/pt-pt\/quem-somos\/\" \/>\n<meta property=\"og:site_name\" content=\"Autodrive\" \/>\n<meta property=\"article:modified_time\" content=\"2024-08-29T08:52:30+00:00\" \/>\n<meta name=\"twitter:card\" content=\"summary_large_image\" \/>\n<meta name=\"twitter:label1\" content=\"Tempo estimado de leitura\" \/>\n\t<meta name=\"twitter:data1\" content=\"1 minuto\" \/>\n<script type=\"application\/ld+json\" class=\"yoast-schema-graph\">{\"@context\":\"https:\\\/\\\/schema.org\",\"@graph\":[{\"@type\":\"WebPage\",\"@id\":\"https:\\\/\\\/autodriveservices.com\\\/pt-pt\\\/quem-somos\\\/\",\"url\":\"https:\\\/\\\/autodriveservices.com\\\/pt-pt\\\/quem-somos\\\/\",\"name\":\"Quem somos - Autodrive\",\"isPartOf\":{\"@id\":\"https:\\\/\\\/autodriveservices.com\\\/#website\"},\"datePublished\":\"2023-07-25T08:39:35+00:00\",\"dateModified\":\"2024-08-29T08:52:30+00:00\",\"breadcrumb\":{\"@id\":\"https:\\\/\\\/autodriveservices.com\\\/pt-pt\\\/quem-somos\\\/#breadcrumb\"},\"inLanguage\":\"pt-PT\",\"potentialAction\":[{\"@type\":\"ReadAction\",\"target\":[\"https:\\\/\\\/autodriveservices.com\\\/pt-pt\\\/quem-somos\\\/\"]}]},{\"@type\":\"BreadcrumbList\",\"@id\":\"https:\\\/\\\/autodriveservices.com\\\/pt-pt\\\/quem-somos\\\/#breadcrumb\",\"itemListElement\":[{\"@type\":\"ListItem\",\"position\":1,\"name\":\"Portada\",\"item\":\"https:\\\/\\\/autodriveservices.com\\\/pt-pt\\\/\"},{\"@type\":\"ListItem\",\"position\":2,\"name\":\"Quem somos\"}]},{\"@type\":\"WebSite\",\"@id\":\"https:\\\/\\\/autodriveservices.com\\\/#website\",\"url\":\"https:\\\/\\\/autodriveservices.com\\\/\",\"name\":\"Autodrive\",\"description\":\"Red de talleres\",\"publisher\":{\"@id\":\"https:\\\/\\\/autodriveservices.com\\\/#organization\"},\"potentialAction\":[{\"@type\":\"SearchAction\",\"target\":{\"@type\":\"EntryPoint\",\"urlTemplate\":\"https:\\\/\\\/autodriveservices.com\\\/?s={search_term_string}\"},\"query-input\":{\"@type\":\"PropertyValueSpecification\",\"valueRequired\":true,\"valueName\":\"search_term_string\"}}],\"inLanguage\":\"pt-PT\"},{\"@type\":\"Organization\",\"@id\":\"https:\\\/\\\/autodriveservices.com\\\/#organization\",\"name\":\"Autodrive\",\"url\":\"https:\\\/\\\/autodriveservices.com\\\/\",\"logo\":{\"@type\":\"ImageObject\",\"inLanguage\":\"pt-PT\",\"@id\":\"https:\\\/\\\/autodriveservices.com\\\/#\\\/schema\\\/logo\\\/image\\\/\",\"url\":\"https:\\\/\\\/autodriveservices.com\\\/wp-content\\\/uploads\\\/2023\\\/05\\\/logo.png\",\"contentUrl\":\"https:\\\/\\\/autodriveservices.com\\\/wp-content\\\/uploads\\\/2023\\\/05\\\/logo.png\",\"width\":400,\"height\":193,\"caption\":\"Autodrive\"},\"image\":{\"@id\":\"https:\\\/\\\/autodriveservices.com\\\/#\\\/schema\\\/logo\\\/image\\\/\"}}]}<\/script>\n<!-- \/ Yoast SEO plugin. -->","yoast_head_json":{"title":"Quem somos - Autodrive","robots":{"index":"index","follow":"follow","max-snippet":"max-snippet:-1","max-image-preview":"max-image-preview:large","max-video-preview":"max-video-preview:-1"},"canonical":"https:\/\/autodriveservices.com\/pt-pt\/quem-somos\/","og_locale":"pt_PT","og_type":"article","og_title":"Quem somos - Autodrive","og_description":"Sobre n\u00f3sSomos uma rede de oficinas multimarca especializada e qualificada. Oferecemos uma ampla gama de servi\u00e7os de manuten\u00e7\u00e3o e repara\u00e7\u00e3o, [&hellip;]","og_url":"https:\/\/autodriveservices.com\/pt-pt\/quem-somos\/","og_site_name":"Autodrive","article_modified_time":"2024-08-29T08:52:30+00:00","twitter_card":"summary_large_image","twitter_misc":{"Tempo estimado de leitura":"1 minuto"},"schema":{"@context":"https:\/\/schema.org","@graph":[{"@type":"WebPage","@id":"https:\/\/autodriveservices.com\/pt-pt\/quem-somos\/","url":"https:\/\/autodriveservices.com\/pt-pt\/quem-somos\/","name":"Quem somos - Autodrive","isPartOf":{"@id":"https:\/\/autodriveservices.com\/#website"},"datePublished":"2023-07-25T08:39:35+00:00","dateModified":"2024-08-29T08:52:30+00:00","breadcrumb":{"@id":"https:\/\/autodriveservices.com\/pt-pt\/quem-somos\/#breadcrumb"},"inLanguage":"pt-PT","potentialAction":[{"@type":"ReadAction","target":["https:\/\/autodriveservices.com\/pt-pt\/quem-somos\/"]}]},{"@type":"BreadcrumbList","@id":"https:\/\/autodriveservices.com\/pt-pt\/quem-somos\/#breadcrumb","itemListElement":[{"@type":"ListItem","position":1,"name":"Portada","item":"https:\/\/autodriveservices.com\/pt-pt\/"},{"@type":"ListItem","position":2,"name":"Quem somos"}]},{"@type":"WebSite","@id":"https:\/\/autodriveservices.com\/#website","url":"https:\/\/autodriveservices.com\/","name":"Autodrive","description":"Red de talleres","publisher":{"@id":"https:\/\/autodriveservices.com\/#organization"},"potentialAction":[{"@type":"SearchAction","target":{"@type":"EntryPoint","urlTemplate":"https:\/\/autodriveservices.com\/?s={search_term_string}"},"query-input":{"@type":"PropertyValueSpecification","valueRequired":true,"valueName":"search_term_string"}}],"inLanguage":"pt-PT"},{"@type":"Organization","@id":"https:\/\/autodriveservices.com\/#organization","name":"Autodrive","url":"https:\/\/autodriveservices.com\/","logo":{"@type":"ImageObject","inLanguage":"pt-PT","@id":"https:\/\/autodriveservices.com\/#\/schema\/logo\/image\/","url":"https:\/\/autodriveservices.com\/wp-content\/uploads\/2023\/05\/logo.png","contentUrl":"https:\/\/autodriveservices.com\/wp-content\/uploads\/2023\/05\/logo.png","width":400,"height":193,"caption":"Autodrive"},"image":{"@id":"https:\/\/autodriveservices.com\/#\/schema\/logo\/image\/"}}]}},"_links":{"self":[{"href":"https:\/\/autodriveservices.com\/pt-pt\/wp-json\/wp\/v2\/pages\/2101","targetHints":{"allow":["GET"]}}],"collection":[{"href":"https:\/\/autodriveservices.com\/pt-pt\/wp-json\/wp\/v2\/pages"}],"about":[{"href":"https:\/\/autodriveservices.com\/pt-pt\/wp-json\/wp\/v2\/types\/page"}],"author":[{"embeddable":true,"href":"https:\/\/autodriveservices.com\/pt-pt\/wp-json\/wp\/v2\/users\/1"}],"replies":[{"embeddable":true,"href":"https:\/\/autodriveservices.com\/pt-pt\/wp-json\/wp\/v2\/comments?post=2101"}],"version-history":[{"count":0,"href":"https:\/\/autodriveservices.com\/pt-pt\/wp-json\/wp\/v2\/pages\/2101\/revisions"}],"wp:attachment":[{"href":"https:\/\/autodriveservices.com\/pt-pt\/wp-json\/wp\/v2\/media?parent=2101"}],"curies":[{"name":"wp","href":"https:\/\/api.w.org\/{rel}","templated":true}]}}